{"id":24,"date":"2025-02-10T14:22:16","date_gmt":"2025-02-10T13:22:16","guid":{"rendered":"https:\/\/xintek.de\/?page_id=24"},"modified":"2025-08-06T21:58:06","modified_gmt":"2025-08-06T19:58:06","slug":"to-do-liste","status":"publish","type":"page","link":"https:\/\/xintek.de\/?page_id=24","title":{"rendered":"To-Do Liste"},"content":{"rendered":"\n<div class=\"wp-block-group alignfull has-global-padding is-layout-constrained wp-block-group-is-layout-constrained\" style=\"margin-top:0;margin-bottom:0;padding-top:0;padding-bottom:0\">\n<div class=\"wp-block-media-text alignfull is-stacked-on-mobile\" style=\"padding-right:var(--wp--preset--spacing--50);padding-left:var(--wp--preset--spacing--50);grid-template-columns:17% auto\"><figure class=\"wp-block-media-text__media\"><img loading=\"lazy\" decoding=\"async\" width=\"1024\" height=\"1024\" src=\"https:\/\/xintek.de\/wp-content\/uploads\/2025\/02\/file-2L8o9v2CxRJhdHXdsWMEgN.webp\" alt=\"\" class=\"wp-image-45 size-full\" srcset=\"https:\/\/xintek.de\/wp-content\/uploads\/2025\/02\/file-2L8o9v2CxRJhdHXdsWMEgN.webp 1024w, https:\/\/xintek.de\/wp-content\/uploads\/2025\/02\/file-2L8o9v2CxRJhdHXdsWMEgN-300x300.webp 300w, https:\/\/xintek.de\/wp-content\/uploads\/2025\/02\/file-2L8o9v2CxRJhdHXdsWMEgN-150x150.webp 150w, https:\/\/xintek.de\/wp-content\/uploads\/2025\/02\/file-2L8o9v2CxRJhdHXdsWMEgN-768x768.webp 768w\" sizes=\"auto, (max-width: 1024px) 100vw, 1024px\" \/><\/figure><div class=\"wp-block-media-text__content\">\n<h2 class=\"wp-block-heading\">Vorbereitung auf eine einj\u00e4hrige Weltreise<\/h2>\n\n\n\n<p>Eine Weltreise erfordert eine gute Vorbereitung, damit unterwegs keine b\u00f6sen \u00dcberraschungen auftreten. Hier eine strukturierte Checkliste, was du vor deiner Abreise erledigen solltest.<\/p>\n<\/div><\/div>\n<\/div>\n\n\n\n<div class=\"wp-block-group alignfull has-global-padding is-layout-constrained wp-block-group-is-layout-constrained\" style=\"margin-top:0;margin-bottom:0;padding-top:var(--wp--preset--spacing--50);padding-bottom:var(--wp--preset--spacing--50)\">\n<div class=\"wp-block-group alignwide is-layout-grid wp-container-core-group-is-layout-840b37f5 wp-block-group-is-layout-grid\">\n<div class=\"wp-block-group wp-container-content-7ed1b8cc is-vertical is-content-justification-stretch is-layout-flex wp-container-core-group-is-layout-cdf8d4bd wp-block-group-is-layout-flex\" style=\"padding-right:var(--wp--preset--spacing--20);padding-left:var(--wp--preset--spacing--20)\">\n<div class=\"wp-block-cover\" style=\"min-height:97px;aspect-ratio:unset;\"><img decoding=\"async\" class=\"wp-block-cover__image-background\" alt=\"Nahaufnahme einer roten Flamingoblume.\" src=\"https:\/\/xintek.de\/wp-content\/themes\/twentytwentyfive\/assets\/images\/category-anthuriums.webp\" data-object-fit=\"cover\"\/><span aria-hidden=\"true\" class=\"wp-block-cover__background has-background-dim-0 has-background-dim\" style=\"background-color:#833d3a\"><\/span><div class=\"wp-block-cover__inner-container has-global-padding is-layout-constrained wp-block-cover-is-layout-constrained\">\n<p class=\"has-text-align-center is-style-text-annotation has-large-font-size is-style-text-annotation--1\">6+ Monate vor der Reise<\/p>\n<\/div><\/div>\n\n\n\n<p>\u2705 Reiseziel &amp; Route planen<\/p>\n\n\n\n<p>Grobe Route festlegen (Welche Kontinente\/L\u00e4nder?)<\/p>\n\n\n\n<p>Klima &amp; beste Reisezeiten recherchieren<\/p>\n\n\n\n<p>Einreisebestimmungen &amp; Visumspflichten pr\u00fcfen<\/p>\n\n\n\n<p>\u2705 Budget &amp; Finanzen kl\u00e4ren<\/p>\n\n\n\n<p>Gesamtbudget kalkulieren (Fl\u00fcge, Unterk\u00fcnfte, Essen, Notf\u00e4lle)<\/p>\n\n\n\n<p>Kreditkarten pr\u00fcfen oder eine Reisekreditkarte beantragen<\/p>\n\n\n\n<p>Notfall-Backup-Konto einrichten<\/p>\n\n\n\n<p>Sparplan erstellen (falls n\u00f6tig)<\/p>\n\n\n\n<p>\u2705 Gesundheitsvorsorge<\/p>\n\n\n\n<p>Impfungen pr\u00fcfen &amp; auffrischen lassen (Tropeninstitut besuchen)<\/p>\n\n\n\n<p>Reiseapotheke zusammenstellen<\/p>\n\n\n\n<p>Auslandskrankenversicherung abschlie\u00dfen<\/p>\n\n\n\n<p>\u2705 Berufliche &amp; pers\u00f6nliche Regelungen<\/p>\n\n\n\n<p>K\u00fcndigen, Ansparphase vereinbaren oder unbezahlten Urlaub beantragen<\/p>\n\n\n\n<p>Gegebenfalls Arbeitlosmelden<\/p>\n\n\n\n<p>Wohnung untervermieten oder k\u00fcndigen<\/p>\n\n\n\n<p class=\"has-text-align-left\">Versicherungen pr\u00fcfen (z. B. Haftpflicht, Rentenversicherung)<\/p>\n<\/div>\n\n\n\n<div class=\"wp-block-group is-vertical is-content-justification-stretch is-layout-flex wp-container-core-group-is-layout-353c4f5a wp-block-group-is-layout-flex\">\n<div class=\"wp-block-cover is-light\" style=\"min-height:92px;aspect-ratio:unset;\"><img decoding=\"async\" class=\"wp-block-cover__image-background\" alt=\"\" src=\"https:\/\/xintek.de\/wp-content\/themes\/twentytwentyfive\/assets\/images\/category-cactus.webp\" data-object-fit=\"cover\"\/><span aria-hidden=\"true\" class=\"wp-block-cover__background has-background-dim-0 has-background-dim\" style=\"background-color:#828282\"><\/span><div class=\"wp-block-cover__inner-container has-global-padding is-layout-constrained wp-block-cover-is-layout-constrained\">\n<p class=\"has-text-align-center is-style-text-annotation has-base-color has-text-color has-link-color has-large-font-size wp-elements-bde63295440e11b33be0827f37c57d9a is-style-text-annotation--2\">3 Monate vor der Reise<\/p>\n<\/div><\/div>\n\n\n\n<p>\u2705 Dokumente &amp; B\u00fcrokratie<\/p>\n\n\n\n<p>Reisepass auf G\u00fcltigkeit pr\u00fcfen (mind. 6 Monate \u00fcber Reiseende) Bei Reisen mit vielen erforderlichen Visa am besten einen erweitereten Reisepass mit 48 Seiten (Standard 32 Seiten) beantragen<\/p>\n\n\n\n<p>Internationalen F\u00fchrerschein beantragen (falls n\u00f6tig; Hisweis: dieser gilt nur in Verbindung mit dem EU-\/deutschen F\u00fchrerschein) Wir haben 2 internationale F\u00fchrerscheine. Je nach Land ben\u00f6tigt man einen int. F\u00fchrerschein nach Wiener oder Pariser Abkommen.<\/p>\n\n\n\n<p>Wichtige Dokumente digital sichern (Cloud oder USB-Stick)<\/p>\n\n\n\n<p>\u2705 Ausr\u00fcstung &amp; Packliste organisieren<\/p>\n\n\n\n<p>Rucksack ausw\u00e4hlen\nWir haben einen 40 Liter Rucksack (passend f\u00fcr Handgep\u00e4ck) und einen 15 Liter Daypack gew\u00e4hlt<\/p>\n\n\n\n<p>Fehlende Reiseausr\u00fcstung besorgen (z. B. Adapter, Kleidung, Reisegadgets)<\/p>\n\n\n\n<p>\u2705 Erste Unterk\u00fcnfte &amp; Fl\u00fcge buchen<\/p>\n\n\n\n<p>Erste Flugtickets sichern (z. B. One-Way oder Round-the-World-Ticket)<\/p>\n\n\n\n<p>Erste Unterkunft f\u00fcr Ankunftsort buchen<\/p>\n\n\n\n<p>Eventuell wichtige Z\u00fcge\/Busse vorab reservieren<\/p>\n<\/div>\n\n\n\n<div class=\"wp-block-group is-vertical is-content-justification-stretch is-layout-flex wp-container-core-group-is-layout-353c4f5a wp-block-group-is-layout-flex\">\n<div class=\"wp-block-cover is-light\" style=\"min-height:88px;aspect-ratio:unset;\"><img decoding=\"async\" class=\"wp-block-cover__image-background\" alt=\"\" src=\"https:\/\/xintek.de\/wp-content\/themes\/twentytwentyfive\/assets\/images\/category-sunflowers.webp\" data-object-fit=\"cover\"\/><span aria-hidden=\"true\" class=\"wp-block-cover__background has-background-dim-0 has-background-dim\" style=\"background-color:#d6bc98\"><\/span><div class=\"wp-block-cover__inner-container has-global-padding is-layout-constrained wp-block-cover-is-layout-constrained\">\n<p class=\"has-text-align-center is-style-text-annotation has-large-font-size is-style-text-annotation--3\">1 Monate vor der Reise<\/p>\n<\/div><\/div>\n\n\n\n<p>\u2705 Abschied &amp; letzte Vorbereitungen<\/p>\n\n\n\n<p>Abschiedsfeier mit Familie &amp; Freunden organisieren<\/p>\n\n\n\n<p>Handyvertrag pausieren\/k\u00fcndigen oder eSIM-L\u00f6sung pr\u00fcfen<\/p>\n\n\n\n<p>Dauerauftr\u00e4ge &amp; Abos k\u00fcndigen oder pausieren<\/p>\n\n\n\n<p>\u2705 Technik &amp; Sicherheit<\/p>\n\n\n\n<p>Wichtige Telefonnummern notieren (Bank, Botschaften)<\/p>\n\n\n\n<p>VPN einrichten (f\u00fcr sicheres Surfen in fremden L\u00e4ndern)<\/p>\n\n\n\n<p>Powerbank &amp; Adapter testen<\/p>\n\n\n\n<p>\u2705 Gep\u00e4ck final packen<\/p>\n\n\n\n<p>Testpacken &amp; auf Gewicht pr\u00fcfen<\/p>\n\n\n\n<p class=\"has-text-align-left\">Wichtige Dinge nicht vergessen (z. B. Medikamente, Kreditkarten)<\/p>\n<\/div>\n\n\n\n<div class=\"wp-block-group is-vertical is-content-justification-stretch is-layout-flex wp-container-core-group-is-layout-353c4f5a wp-block-group-is-layout-flex\">\n<div class=\"wp-block-cover is-light\" style=\"min-height:87px;aspect-ratio:unset;\"><img decoding=\"async\" class=\"wp-block-cover__image-background\" alt=\"\" src=\"https:\/\/xintek.de\/wp-content\/themes\/twentytwentyfive\/assets\/images\/category-sunflowers.webp\" style=\"object-position:58% 56%\" data-object-fit=\"cover\" data-object-position=\"58% 56%\"\/><span aria-hidden=\"true\" class=\"wp-block-cover__background has-contrast-background-color has-background-dim-0 has-background-dim\"><\/span><div class=\"wp-block-cover__inner-container has-global-padding is-layout-constrained wp-block-cover-is-layout-constrained\">\n<p class=\"has-text-align-center is-style-text-annotation has-large-font-size is-style-text-annotation--4\">1 Woche vor der Reise<\/p>\n<\/div><\/div>\n\n\n\n<p>\u2705 Letzte Besorgungen &amp; Organisation<\/p>\n\n\n\n<p>Alle Dokumente ausdrucken &amp; digital sichern<\/p>\n\n\n\n<p>Medikamente auff\u00fcllen<\/p>\n\n\n\n<p>Letzte Eink\u00e4ufe (Reise-Snacks, Bargeld in Startw\u00e4hrung)<\/p>\n\n\n\n<p>\u2705 Mentale Vorbereitung<\/p>\n\n\n\n<p>Erwartungen an die Reise reflektieren<\/p>\n\n\n\n<p>Ruhe bewahren \u2013 es wird gro\u00dfartig!<\/p>\n<\/div>\n<\/div>\n<\/div>\n\n\n\n<div class=\"wp-block-group has-global-padding is-layout-constrained wp-block-group-is-layout-constrained\">\n<p class=\"is-style-text-annotation has-base-color has-contrast-background-color has-text-color has-background has-link-color has-large-font-size wp-elements-6535a1449ad59f1c9036e7ac05bb2bbc is-style-text-annotation--5\">Fazit: Gute Vorbereitung = entspannte Reise!<\/p>\n\n\n\n<p>Je fr\u00fcher du anf\u00e4ngst, desto stressfreier wird dein Abflug. Mit dieser Checkliste bist du bestens vorbereitet f\u00fcr dein gro\u00dfes Abenteuer!<\/p>\n<\/div>\n\n\n\n<p><\/p>\n","protected":false},"excerpt":{"rendered":"<p>Vorbereitung auf eine einj\u00e4hrige Weltreise Eine Weltreise erfordert eine gute Vorbereitung, damit unterwegs keine b\u00f6sen \u00dcberraschungen auftreten. Hier eine strukturierte Checkliste, was du vor deiner Abreise erledigen solltest. \u2705 Reiseziel &amp; Route planen Grobe Route festlegen (Welche Kontinente\/L\u00e4nder?) Klima &amp; beste Reisezeiten recherchieren Einreisebestimmungen &amp; Visumspflichten pr\u00fcfen \u2705 Budget &amp; Finanzen kl\u00e4ren Gesamtbudget kalkulieren (Fl\u00fcge, [&hellip;]<\/p>\n","protected":false},"author":1,"featured_media":0,"parent":0,"menu_order":0,"comment_status":"closed","ping_status":"closed","template":"","meta":{"footnotes":""},"class_list":["post-24","page","type-page","status-publish","hentry"],"_links":{"self":[{"href":"https:\/\/xintek.de\/index.php?rest_route=\/wp\/v2\/pages\/24","targetHints":{"allow":["GET"]}}],"collection":[{"href":"https:\/\/xintek.de\/index.php?rest_route=\/wp\/v2\/pages"}],"about":[{"href":"https:\/\/xintek.de\/index.php?rest_route=\/wp\/v2\/types\/page"}],"author":[{"embeddable":true,"href":"https:\/\/xintek.de\/index.php?rest_route=\/wp\/v2\/users\/1"}],"replies":[{"embeddable":true,"href":"https:\/\/xintek.de\/index.php?rest_route=%2Fwp%2Fv2%2Fcomments&post=24"}],"version-history":[{"count":5,"href":"https:\/\/xintek.de\/index.php?rest_route=\/wp\/v2\/pages\/24\/revisions"}],"predecessor-version":[{"id":391,"href":"https:\/\/xintek.de\/index.php?rest_route=\/wp\/v2\/pages\/24\/revisions\/391"}],"wp:attachment":[{"href":"https:\/\/xintek.de\/index.php?rest_route=%2Fwp%2Fv2%2Fmedia&parent=24"}],"curies":[{"name":"wp","href":"https:\/\/api.w.org\/{rel}","templated":true}]}}