{"id":28,"date":"2025-02-10T14:24:47","date_gmt":"2025-02-10T13:24:47","guid":{"rendered":"https:\/\/xintek.de\/?page_id=28"},"modified":"2025-11-21T06:13:10","modified_gmt":"2025-11-21T05:13:10","slug":"packliste","status":"publish","type":"page","link":"https:\/\/xintek.de\/?page_id=28","title":{"rendered":"Packliste f\u00fcr eine einj\u00e4hrige Weltreis"},"content":{"rendered":"\n<div class=\"wp-block-media-text alignwide is-stacked-on-mobile is-image-fill-element\" style=\"grid-template-columns:20% auto\"><figure class=\"wp-block-media-text__media\"><img loading=\"lazy\" decoding=\"async\" width=\"1024\" height=\"1024\" src=\"https:\/\/xintek.de\/wp-content\/uploads\/2025\/02\/file-Ca7gduDsUjfjCtZKhjrqRM.webp\" alt=\"\" class=\"wp-image-54 size-full\" style=\"object-position:50% 50%\" srcset=\"https:\/\/xintek.de\/wp-content\/uploads\/2025\/02\/file-Ca7gduDsUjfjCtZKhjrqRM.webp 1024w, https:\/\/xintek.de\/wp-content\/uploads\/2025\/02\/file-Ca7gduDsUjfjCtZKhjrqRM-300x300.webp 300w, https:\/\/xintek.de\/wp-content\/uploads\/2025\/02\/file-Ca7gduDsUjfjCtZKhjrqRM-150x150.webp 150w, https:\/\/xintek.de\/wp-content\/uploads\/2025\/02\/file-Ca7gduDsUjfjCtZKhjrqRM-768x768.webp 768w\" sizes=\"auto, (max-width: 1024px) 100vw, 1024px\" \/><\/figure><div class=\"wp-block-media-text__content\">\n<p>Wir haben jeweils einen Rucksack mit 40 Litern Volumen und ein Daypack mit 15 Litern gekauft. Beide lassen sich miteinander verbinden \u2013 entweder auf dem R\u00fccken oder vorne und hinten getragen. Wir packen wirklich nur das N\u00f6tigste ein. So sparst du Zeit und viel Geld f\u00fcr Fl\u00fcge. Hier eine Liste mit den wichtigsten Dingen sowie eine \u00dcbersicht, auf was man verzichten kann.<\/p>\n<\/div><\/div>\n\n\n\n<div class=\"wp-block-group alignfull has-global-padding is-layout-constrained wp-block-group-is-layout-constrained\" style=\"margin-top:0;margin-bottom:0;padding-top:var(--wp--preset--spacing--60);padding-bottom:var(--wp--preset--spacing--60)\">\n<div class=\"wp-block-columns alignwide is-layout-flex wp-container-core-columns-is-layout-1d9f35bd wp-block-columns-is-layout-flex\">\n<div class=\"wp-block-column has-border-color is-layout-flow wp-block-column-is-layout-flow\" style=\"border-color:var(--wp--preset--color--accent-6);border-width:1px;border-radius:10px;padding-top:var(--wp--preset--spacing--50);padding-right:var(--wp--preset--spacing--50);padding-bottom:var(--wp--preset--spacing--50);padding-left:var(--wp--preset--spacing--50)\">\n<h3 class=\"wp-block-heading\" id=\"free\">Reisedokumente &amp; Finanzielles<\/h3>\n\n\n\n<ul style=\"padding-bottom:var(--wp--preset--spacing--20);padding-left:var(--wp--preset--spacing--20)\" class=\"wp-block-list is-style-checkmark-list has-small-font-size\">\n<li> Reisepass (+ Kopien, digital und ausgedruckt)<\/li>\n\n\n\n<li> Visum(e) (falls erforderlich)<\/li>\n\n\n\n<li> Internationaler F\u00fchrerschein<\/li>\n\n\n\n<li>Impfpass (digital + ausgedruckt)<\/li>\n\n\n\n<li>Kredit-\/Debitkarten (am besten zwei verschiedene Banken. Visa und Master)<\/li>\n\n\n\n<li>Notfall-Bargeld (z. B. 200 \u20ac oder USD)<\/li>\n\n\n\n<li>Reiseversicherung (digital + Ausdruck)<\/li>\n<\/ul>\n<\/div>\n\n\n\n<div class=\"wp-block-column has-border-color is-layout-flow wp-block-column-is-layout-flow\" style=\"border-color:var(--wp--preset--color--accent-6);border-width:1px;border-radius:10px;padding-top:var(--wp--preset--spacing--50);padding-right:var(--wp--preset--spacing--50);padding-bottom:var(--wp--preset--spacing--50);padding-left:var(--wp--preset--spacing--50)\">\n<h3 class=\"wp-block-heading\" id=\"single\">Kleidung (leicht &amp; vielseitig)<\/h3>\n\n\n\n<p class=\"has-large-font-size\">\ud83d\udca1 Tipp: Kleidung f\u00fcr ca. eine Woche reicht, da man unterwegs waschen kann.<\/p>\n\n\n\n<ul style=\"padding-bottom:var(--wp--preset--spacing--20);padding-left:var(--wp--preset--spacing--20)\" class=\"wp-block-list is-style-checkmark-list has-small-font-size\">\n<li>4\u20135 T-Shirts oder Tops<\/li>\n\n\n\n<li>2\u20133 leichte Langarmshirts<\/li>\n\n\n\n<li>2\u20133 Hosen (eine lange, eine kurze, eine bequeme)<\/li>\n\n\n\n<li>1\u20132 Paar bequeme Shorts oder Leggings<\/li>\n\n\n\n<li> 1 leichtes Kleid oder Rock (falls gew\u00fcnscht)<\/li>\n\n\n\n<li>1 leichte Regenjacke oder Poncho<\/li>\n\n\n\n<li>1 d\u00fcnne, warme Jacke oder Fleece<\/li>\n\n\n\n<li>1 Multifunktionstuch (Schal, Kopftuch, Sonnenschutz)<\/li>\n\n\n\n<li> 7 Unterhosen (schnelltrocknend)<\/li>\n\n\n\n<li>4\u20135 Paar Socken<\/li>\n\n\n\n<li>1 Badebekleidung<\/li>\n\n\n\n<li>1 bequeme Schlafkleidung<\/li>\n\n\n\n<li> 1 Paar Flip-Flops (f\u00fcr Dusche, Strand etc.)<\/li>\n\n\n\n<li>1 Paar bequeme Sneaker oder Wanderschuhe<\/li>\n\n\n\n<li>1 Paar leichte Sandalen<br><\/li>\n<\/ul>\n<\/div>\n<\/div>\n\n\n\n<div class=\"wp-block-columns alignwide is-layout-flex wp-container-core-columns-is-layout-1d9f35bd wp-block-columns-is-layout-flex\">\n<div class=\"wp-block-column has-border-color is-layout-flow wp-block-column-is-layout-flow\" style=\"border-color:var(--wp--preset--color--accent-6);border-width:1px;border-radius:10px;padding-top:var(--wp--preset--spacing--50);padding-right:var(--wp--preset--spacing--50);padding-bottom:var(--wp--preset--spacing--50);padding-left:var(--wp--preset--spacing--50)\">\n<h3 class=\"wp-block-heading\" id=\"single\">Technik &amp; Gadgets<\/h3>\n\n\n\n<p class=\"has-large-font-size\">\ud83d\udca1 Tipp: Weniger ist mehr \u2013 alles, was man mitnimmt, kann auch gestohlen oder verloren gehen..<\/p>\n\n\n\n<ul style=\"padding-bottom:var(--wp--preset--spacing--20);padding-left:var(--wp--preset--spacing--20)\" class=\"wp-block-list is-style-checkmark-list has-small-font-size\">\n<li>Smartphone + Ladeger\u00e4t<\/li>\n\n\n\n<li> Powerbank (mind. 10.000 mAh)<\/li>\n\n\n\n<li>Adapter (universal f\u00fcr alle Steckdosen)<\/li>\n\n\n\n<li>Leichte Kopfh\u00f6rer (evtl. Noise-Cancelling)<\/li>\n\n\n\n<li>Kleine Stirnlampe oder Taschenlampe<\/li>\n\n\n\n<li>USB-Stick oder SD-Karte (Backup wichtiger Dokumente)<\/li>\n\n\n\n<li>Optional: Leichter Laptop oder Tablet<\/li>\n<\/ul>\n<\/div>\n\n\n\n<div class=\"wp-block-column has-border-color is-layout-flow wp-block-column-is-layout-flow\" style=\"border-color:var(--wp--preset--color--accent-6);border-width:1px;border-radius:10px;padding-top:var(--wp--preset--spacing--50);padding-right:var(--wp--preset--spacing--50);padding-bottom:var(--wp--preset--spacing--50);padding-left:var(--wp--preset--spacing--50)\">\n<h3 class=\"wp-block-heading\" id=\"single\">Hygiene &amp; Gesundheit<\/h3>\n\n\n\n<ul style=\"padding-bottom:var(--wp--preset--spacing--20);padding-left:var(--wp--preset--spacing--20)\" class=\"wp-block-list is-style-checkmark-list has-small-font-size\">\n<li>Feste oder kleine Shampoos &amp; Seife<\/li>\n\n\n\n<li> Deodorant (am besten fest, h\u00e4lt l\u00e4nger)<\/li>\n\n\n\n<li>Sonnencreme (wichtig f\u00fcr tropische Regionen)<\/li>\n\n\n\n<li> Rasierer<\/li>\n\n\n\n<li>Nagelschere + Pinzette<\/li>\n\n\n\n<li>Reiseapotheke (Pflaster, Schmerzmittel, Durchfallmittel, Desinfektionsgel, pers\u00f6nliche Medikamente)<\/li>\n\n\n\n<li> Moskitospray (f\u00fcr tropische L\u00e4nder)<\/li>\n\n\n\n<li> Menstruationsprodukte (z. B. Menstruationstasse = platzsparender)<\/li>\n\n\n\n<li>1 kleines Mikrofasertuch (schnelltrocknend)<\/li>\n\n\n\n<li>Ohrst\u00f6psel + Schlafmaske<\/li>\n<\/ul>\n<\/div>\n<\/div>\n\n\n\n<div class=\"wp-block-columns alignwide is-layout-flex wp-container-core-columns-is-layout-1d9f35bd wp-block-columns-is-layout-flex\">\n<div class=\"wp-block-column has-border-color is-layout-flow wp-block-column-is-layout-flow\" style=\"border-color:var(--wp--preset--color--accent-6);border-width:1px;border-radius:10px;padding-top:var(--wp--preset--spacing--50);padding-right:var(--wp--preset--spacing--50);padding-bottom:var(--wp--preset--spacing--50);padding-left:var(--wp--preset--spacing--50)\">\n<h3 class=\"wp-block-heading\" id=\"single\">Sonstiges &amp; N\u00fctzliche Dinge<\/h3>\n\n\n\n<ul style=\"padding-bottom:var(--wp--preset--spacing--20);padding-left:var(--wp--preset--spacing--20)\" class=\"wp-block-list is-style-checkmark-list has-small-font-size\">\n<li>W\u00e4scheleine &amp; Waschmittel (Pulver,  unterwegs nachkaufen)<\/li>\n\n\n\n<li>Leichter faltbarer Stofft\u00fcte<\/li>\n\n\n\n<li>Kompressionsbeutel oder Packw\u00fcrfel (bessere Organisation)<\/li>\n\n\n\n<li> Trinkflasche (am besten mit Filter)<\/li>\n\n\n\n<li>Leichter Reise-Schlafsack (optional, falls oft in Hostels geschlafen wird)<\/li>\n\n\n\n<li>Notfalln\u00e4hset<\/li>\n\n\n\n<li>Moskitonetz (optional)<\/li>\n<\/ul>\n<\/div>\n\n\n\n<div class=\"wp-block-column has-border-color is-layout-flow wp-block-column-is-layout-flow\" style=\"border-color:var(--wp--preset--color--accent-6);border-width:1px;border-radius:10px;padding-top:var(--wp--preset--spacing--50);padding-right:var(--wp--preset--spacing--50);padding-bottom:var(--wp--preset--spacing--50);padding-left:var(--wp--preset--spacing--50)\">\n<h3 class=\"wp-block-heading\" id=\"single\">Was kann man weglassen? \u274c<\/h3>\n\n\n\n<ul style=\"padding-bottom:var(--wp--preset--spacing--20);padding-left:var(--wp--preset--spacing--20)\" class=\"wp-block-list is-style-checkmark-list has-small-font-size\">\n<li> Gro\u00dfe Shampooflaschen \u2013 unterwegs nachkaufen oder feste Produkte nutzen<\/li>\n\n\n\n<li>Dicke Handt\u00fccher \u2013 lieber ein leichtes Mikrofasertuch<\/li>\n\n\n\n<li>Zu viele Schuhe \u2013 max. 2\u20133 Paar reichen<\/li>\n\n\n\n<li> Zu viele Klamotten \u2013 unterwegs waschen!<\/li>\n\n\n\n<li>B\u00fccher \u2013 lieber E-Reader oder digitale Versionen<\/li>\n\n\n\n<li>F\u00f6hn \u2013 oft in Unterk\u00fcnften vorhanden oder unn\u00f6tig in warmen L\u00e4ndern<\/li>\n\n\n\n<li> \u00dcberm\u00e4\u00dfige Technik \u2013 Kamera nur, wenn man wirklich viel fotografieren will<\/li>\n<\/ul>\n<\/div>\n<\/div>\n<\/div>\n\n\n\n<div class=\"wp-block-media-text alignwide is-stacked-on-mobile is-image-fill-element\" style=\"grid-template-columns:20% auto\"><figure class=\"wp-block-media-text__media\"><img loading=\"lazy\" decoding=\"async\" width=\"1024\" height=\"1024\" src=\"https:\/\/xintek.de\/wp-content\/uploads\/2025\/02\/file-SfJGfSwquHxW726ZULwYh2.webp\" alt=\"\" class=\"wp-image-82 size-full\" style=\"object-position:50% 50%\" srcset=\"https:\/\/xintek.de\/wp-content\/uploads\/2025\/02\/file-SfJGfSwquHxW726ZULwYh2.webp 1024w, https:\/\/xintek.de\/wp-content\/uploads\/2025\/02\/file-SfJGfSwquHxW726ZULwYh2-300x300.webp 300w, https:\/\/xintek.de\/wp-content\/uploads\/2025\/02\/file-SfJGfSwquHxW726ZULwYh2-150x150.webp 150w, https:\/\/xintek.de\/wp-content\/uploads\/2025\/02\/file-SfJGfSwquHxW726ZULwYh2-768x768.webp 768w\" sizes=\"auto, (max-width: 1024px) 100vw, 1024px\" \/><\/figure><div class=\"wp-block-media-text__content\">\n<p class=\"is-style-text-annotation is-style-text-annotation--1\">Fazit: Minimalismus ist der Schl\u00fcssel<\/p>\n\n\n\n<p>Bei einer einj\u00e4hrigen Weltreise z\u00e4hlt jedes Gramm. Alles, was man nicht oft braucht, kann man unterwegs kaufen. Die wichtigste Regel: Packe nur das, was du wirklich brauchst \u2013 dein R\u00fccken wird es dir danken!<\/p>\n<\/div><\/div>\n","protected":false},"excerpt":{"rendered":"<p>Wir haben jeweils einen Rucksack mit 40 Litern Volumen und ein Daypack mit 15 Litern gekauft. Beide lassen sich miteinander verbinden \u2013 entweder auf dem R\u00fccken oder vorne und hinten getragen. Wir packen wirklich nur das N\u00f6tigste ein. So sparst du Zeit und viel Geld f\u00fcr Fl\u00fcge. Hier eine Liste mit den wichtigsten Dingen sowie [&hellip;]<\/p>\n","protected":false},"author":1,"featured_media":0,"parent":0,"menu_order":0,"comment_status":"closed","ping_status":"closed","template":"","meta":{"footnotes":""},"class_list":["post-28","page","type-page","status-publish","hentry"],"_links":{"self":[{"href":"https:\/\/xintek.de\/index.php?rest_route=\/wp\/v2\/pages\/28","targetHints":{"allow":["GET"]}}],"collection":[{"href":"https:\/\/xintek.de\/index.php?rest_route=\/wp\/v2\/pages"}],"about":[{"href":"https:\/\/xintek.de\/index.php?rest_route=\/wp\/v2\/types\/page"}],"author":[{"embeddable":true,"href":"https:\/\/xintek.de\/index.php?rest_route=\/wp\/v2\/users\/1"}],"replies":[{"embeddable":true,"href":"https:\/\/xintek.de\/index.php?rest_route=%2Fwp%2Fv2%2Fcomments&post=28"}],"version-history":[{"count":6,"href":"https:\/\/xintek.de\/index.php?rest_route=\/wp\/v2\/pages\/28\/revisions"}],"predecessor-version":[{"id":900,"href":"https:\/\/xintek.de\/index.php?rest_route=\/wp\/v2\/pages\/28\/revisions\/900"}],"wp:attachment":[{"href":"https:\/\/xintek.de\/index.php?rest_route=%2Fwp%2Fv2%2Fmedia&parent=28"}],"curies":[{"name":"wp","href":"https:\/\/api.w.org\/{rel}","templated":true}]}}