{"id":30,"date":"2025-02-10T15:34:17","date_gmt":"2025-02-10T14:34:17","guid":{"rendered":"https:\/\/xintek.de\/?page_id=30"},"modified":"2025-11-02T14:33:14","modified_gmt":"2025-11-02T13:33:14","slug":"budgets","status":"publish","type":"page","link":"https:\/\/xintek.de\/?page_id=30","title":{"rendered":"Budgets"},"content":{"rendered":"\n<div class=\"wp-block-media-text alignwide is-stacked-on-mobile is-image-fill-element\" style=\"grid-template-columns:20% auto\"><figure class=\"wp-block-media-text__media\"><img loading=\"lazy\" decoding=\"async\" width=\"1024\" height=\"1024\" src=\"https:\/\/xintek.de\/wp-content\/uploads\/2025\/02\/file-UhELxR1meq82mftW6tVL5c.webp\" alt=\"\" class=\"wp-image-51 size-full\" style=\"object-position:50% 50%\" srcset=\"https:\/\/xintek.de\/wp-content\/uploads\/2025\/02\/file-UhELxR1meq82mftW6tVL5c.webp 1024w, https:\/\/xintek.de\/wp-content\/uploads\/2025\/02\/file-UhELxR1meq82mftW6tVL5c-300x300.webp 300w, https:\/\/xintek.de\/wp-content\/uploads\/2025\/02\/file-UhELxR1meq82mftW6tVL5c-150x150.webp 150w, https:\/\/xintek.de\/wp-content\/uploads\/2025\/02\/file-UhELxR1meq82mftW6tVL5c-768x768.webp 768w\" sizes=\"auto, (max-width: 1024px) 100vw, 1024px\" \/><\/figure><div class=\"wp-block-media-text__content\">\n<p>Hier ist eine grobe Budgetliste f\u00fcr eine einj\u00e4hrige Weltreise basierend auf meiner Route. Die Kosten variieren je nach Reisestil (Backpacker vs. Komfort), daher gebe ich eine Sch\u00e4tzung f\u00fcr ein mittleres Budget an.<\/p>\n<\/div><\/div>\n\n\n\n<hr class=\"wp-block-separator has-alpha-channel-opacity\"\/>\n\n\n\n<div class=\"wp-block-group is-style-default has-global-padding is-layout-constrained wp-container-core-group-is-layout-d5d53815 wp-block-group-is-layout-constrained\" style=\"margin-top:0;margin-bottom:0;padding-top:var(--wp--preset--spacing--30);padding-right:var(--wp--preset--spacing--30);padding-bottom:var(--wp--preset--spacing--30);padding-left:var(--wp--preset--spacing--30)\">\n<div class=\"wp-block-columns alignwide is-style-default is-layout-flex wp-container-core-columns-is-layout-7ee84d44 wp-block-columns-is-layout-flex\">\n<div class=\"wp-block-column is-vertically-aligned-center is-style-default has-global-padding is-layout-constrained wp-block-column-is-layout-constrained\" style=\"flex-basis:100%\">\n<h2 class=\"wp-block-heading has-large-font-size\">Gesamtbudget f\u00fcr eine einj\u00e4hrige Weltreise <\/h2>\n\n\n\n<p class=\"has-medium-font-size\">\u2708\ufe0f Fl\u00fcge &amp; Transport: ca. 6.500 \u2013 9.000 \u20ac<\/p>\n\n\n\n<p>\ud83c\udfe0 Unterkunft: ca. 9.000 \u2013 14.000 \u20ac<\/p>\n\n\n\n<p>\ud83c\udf7d\ufe0f Essen &amp; Trinken: ca. 4.500 \u2013 6.000 \u20ac<\/p>\n\n\n\n<p>\ud83c\udf9f\ufe0f Aktivit\u00e4ten &amp; Ausfl\u00fcge: ca. 3.500 \u2013 6.000 \u20ac<\/p>\n\n\n\n<p>\ud83d\udcdc Versicherung &amp; Sonstiges: ca. 2.500 \u2013 3.500 \u20ac<\/p>\n\n\n\n<p class=\"has-medium-font-size\">\ud83d\udcb0 Gesamtbudget: ca. 26.000 \u2013 38.500 \u20ac<\/p>\n<\/div>\n<\/div>\n<\/div>\n\n\n\n<hr class=\"wp-block-separator has-alpha-channel-opacity\"\/>\n\n\n\n<h2 class=\"wp-block-heading\">Budget nach Regionen<\/h2>\n\n\n\n<div class=\"wp-block-media-text is-stacked-on-mobile is-image-fill-element\" style=\"border-width:1px;border-radius:4px;grid-template-columns:37% auto\"><figure class=\"wp-block-media-text__media\"><img loading=\"lazy\" decoding=\"async\" width=\"270\" height=\"346\" src=\"https:\/\/xintek.de\/wp-content\/uploads\/2025\/02\/asian.jpg\" alt=\"\" class=\"wp-image-107 size-full\" style=\"object-position:50% 50%\" srcset=\"https:\/\/xintek.de\/wp-content\/uploads\/2025\/02\/asian.jpg 270w, https:\/\/xintek.de\/wp-content\/uploads\/2025\/02\/asian-234x300.jpg 234w\" sizes=\"auto, (max-width: 270px) 100vw, 270px\" \/><\/figure><div class=\"wp-block-media-text__content\">\n<h2 class=\"wp-block-heading\">S\u00fcdostasien(3 Monate)<\/h2>\n\n\n\n<p>\ud83d\udcb0Thailand, Vietnam, Singapur, Indonesien etc. Budget: 3.500 \u2013 5.500 \u20ac<\/p>\n\n\n\n<p>Fl\u00fcge innerhalb S\u00fcdostasiens: 300 \u2013 800 \u20ac<\/p>\n\n\n\n<p>Unterkunft: 10 \u2013 40 \u20ac pro Nacht \u2192 900 \u2013 2.500 \u20ac<\/p>\n\n\n\n<p>Essen &amp; Trinken: 10 \u2013 20 \u20ac pro Tag \u2192 900 \u2013 1.800 \u20ac<\/p>\n\n\n\n<p>Transport (Busse, Z\u00fcge, Roller): 200 \u2013 500 \u20ac<\/p>\n\n\n\n<p>Aktivit\u00e4ten (Tauchen, Tempel, Inselhopping): 800 \u2013 1.500 \u20ac<\/p>\n<\/div><\/div>\n\n\n\n<div class=\"wp-block-media-text is-stacked-on-mobile is-image-fill-element\" style=\"border-width:1px;border-radius:4px;grid-template-columns:37% auto\"><figure class=\"wp-block-media-text__media\"><img loading=\"lazy\" decoding=\"async\" width=\"292\" height=\"383\" src=\"https:\/\/xintek.de\/wp-content\/uploads\/2025\/02\/neuseenland.jpg\" alt=\"\" class=\"wp-image-111 size-full\" style=\"object-position:50% 50%\" srcset=\"https:\/\/xintek.de\/wp-content\/uploads\/2025\/02\/neuseenland.jpg 292w, https:\/\/xintek.de\/wp-content\/uploads\/2025\/02\/neuseenland-229x300.jpg 229w\" sizes=\"auto, (max-width: 292px) 100vw, 292px\" \/><\/figure><div class=\"wp-block-media-text__content\">\n<h2 class=\"wp-block-heading\">Australien, Neuseeland &amp; Pazifik (4 Monate)<\/h2>\n\n\n\n<p>\ud83d\udcb0 Budget: 10.000 \u2013 14.000 \u20ac<\/p>\n\n\n\n<p>Flug von Asien nach Australien: 300 \u2013 600 \u20ac<\/p>\n\n\n\n<p>Unterkunft: 30 \u2013 70 \u20ac pro Nacht \u2192 3.600 \u2013 7.000 \u20ac (Camper ca. 170 \u20ac pro Nacht)<\/p>\n\n\n\n<p>Essen &amp; Trinken: 20 \u2013 40 \u20ac pro Tag \u2192 2.400 \u2013 4.800 \u20ac<\/p>\n\n\n\n<p>Transport (Mietwagen, Inlandsfl\u00fcge): 1.500 \u2013 3.000 \u20ac<\/p>\n\n\n\n<p>Aktivit\u00e4ten (Great Barrier Reef, Bungee, Wandern): 1.500 \u2013 3.000 \u20ac<\/p>\n<\/div><\/div>\n\n\n\n<div class=\"wp-block-media-text is-stacked-on-mobile is-image-fill-element wp-container-content-9cfa9a5a\" style=\"border-width:1px;border-radius:4px;grid-template-columns:37% auto\"><figure class=\"wp-block-media-text__media\"><img loading=\"lazy\" decoding=\"async\" width=\"277\" height=\"346\" src=\"https:\/\/xintek.de\/wp-content\/uploads\/2025\/02\/sud-amarica.jpg\" alt=\"\" class=\"wp-image-110 size-full\" style=\"object-position:50% 50%\" srcset=\"https:\/\/xintek.de\/wp-content\/uploads\/2025\/02\/sud-amarica.jpg 277w, https:\/\/xintek.de\/wp-content\/uploads\/2025\/02\/sud-amarica-240x300.jpg 240w\" sizes=\"auto, (max-width: 277px) 100vw, 277px\" \/><\/figure><div class=\"wp-block-media-text__content\">\n<h2 class=\"wp-block-heading\">Nepal (3 Wochen)<\/h2>\n\n\n\n<p>\ud83d\udcb0 Budget: 700 \u2013 1.500 \u20ac<\/p>\n\n\n\n<p>Flug von Neuseeland nach Nepal: 200 \u2013 400 \u20ac<\/p>\n\n\n\n<p>Unterkunft: 10 \u2013 30 \u20ac pro Nacht \u2192 200 \u2013 600 \u20ac<\/p>\n\n\n\n<p>Essen &amp; Trinken: 5 \u2013 15 \u20ac pro Tag \u2192 100 \u2013 300 \u20ac<\/p>\n\n\n\n<p>Transport: 50 \u2013 150 \u20ac<\/p>\n\n\n\n<p>Trekking &amp; Aktivit\u00e4ten:150 \u2013 400 \u20ac<\/p>\n<\/div><\/div>\n\n\n\n<div class=\"wp-block-media-text is-stacked-on-mobile is-image-fill-element wp-container-content-9cfa9a5a\" style=\"border-width:1px;border-radius:4px;grid-template-columns:37% auto\"><figure class=\"wp-block-media-text__media\"><img loading=\"lazy\" decoding=\"async\" width=\"280\" height=\"345\" src=\"https:\/\/xintek.de\/wp-content\/uploads\/2025\/02\/nepal.jpg\" alt=\"\" class=\"wp-image-104 size-full\" style=\"object-position:50% 50%\" srcset=\"https:\/\/xintek.de\/wp-content\/uploads\/2025\/02\/nepal.jpg 280w, https:\/\/xintek.de\/wp-content\/uploads\/2025\/02\/nepal-243x300.jpg 243w\" sizes=\"auto, (max-width: 280px) 100vw, 280px\" \/><\/figure><div class=\"wp-block-media-text__content\">\n<h2 class=\"wp-block-heading\">Japan (3 Wochen)<\/h2>\n\n\n\n<p>\ud83d\udcb0 Budget: 1500 \u2013 2.500 \u20ac<\/p>\n\n\n\n<p>Flug von Nepal nach Japan: 200 \u2013 400 \u20ac<\/p>\n\n\n\n<p>Unterkunft: 25 &#8211; 50 \u20ac pro Nacht \u2192 500 \u2013 1000 \u20ac<\/p>\n\n\n\n<p>Essen &amp; Trinken: 15 \u2013 30 \u20ac pro Tag \u2192 300 \u2013 600 \u20ac<\/p>\n\n\n\n<p>Transport: 50 \u2013 150 \u20ac<\/p>\n\n\n\n<p>Trekking &amp; Aktivit\u00e4ten:150 \u2013 400 \u20ac<\/p>\n<\/div><\/div>\n\n\n\n<div class=\"wp-block-media-text is-stacked-on-mobile is-image-fill-element\" style=\"border-width:1px;border-radius:4px;grid-template-columns:37% auto\"><figure class=\"wp-block-media-text__media\"><img loading=\"lazy\" decoding=\"async\" width=\"283\" height=\"361\" src=\"https:\/\/xintek.de\/wp-content\/uploads\/2025\/02\/australien.jpg\" alt=\"\" class=\"wp-image-109 size-full\" style=\"object-position:50% 50%\" srcset=\"https:\/\/xintek.de\/wp-content\/uploads\/2025\/02\/australien.jpg 283w, https:\/\/xintek.de\/wp-content\/uploads\/2025\/02\/australien-235x300.jpg 235w\" sizes=\"auto, (max-width: 283px) 100vw, 283px\" \/><\/figure><div class=\"wp-block-media-text__content\">\n<h2 class=\"wp-block-heading\">S\u00fcdamerika (4 Monate: Peru, Bolivien, Argentinien, Brasilien, Chile etc.)<\/h2>\n\n\n\n<p>\ud83d\udcb0 Budget: 6.000 \u2013 9.000 \u20ac<\/p>\n\n\n\n<p>Flug nach S\u00fcdamerika: 500 \u2013 1.000 \u20ac<\/p>\n\n\n\n<p>Unterkunft: 15 \u2013 50 \u20ac pro Nacht \u2192 1.800 \u2013 4.500 \u20ac<\/p>\n\n\n\n<p>Essen &amp; Trinken: 10 \u2013 30 \u20ac pro Tag \u2192 1.200 \u2013 3.600 \u20ac<\/p>\n\n\n\n<p>Transport (Langstreckenbusse, Fl\u00fcge): 500 \u2013 1.500 \u20ac<\/p>\n\n\n\n<p>Aktivit\u00e4ten (Machu Picchu, Iguaz\u00fa, Amazonas): 1.000 \u2013 2.000 \u20ac<\/p>\n<\/div><\/div>\n\n\n\n<div class=\"wp-block-media-text is-stacked-on-mobile is-image-fill-element\" style=\"border-width:1px;border-radius:4px;grid-template-columns:37% auto\"><figure class=\"wp-block-media-text__media\"><img loading=\"lazy\" decoding=\"async\" width=\"280\" height=\"345\" src=\"https:\/\/xintek.de\/wp-content\/uploads\/2025\/02\/dubai.jpg\" alt=\"\" class=\"wp-image-103 size-full\" style=\"object-position:50% 50%\" srcset=\"https:\/\/xintek.de\/wp-content\/uploads\/2025\/02\/dubai.jpg 280w, https:\/\/xintek.de\/wp-content\/uploads\/2025\/02\/dubai-243x300.jpg 243w\" sizes=\"auto, (max-width: 280px) 100vw, 280px\" \/><\/figure><div class=\"wp-block-media-text__content\">\n<h2 class=\"wp-block-heading\">Zus\u00e4tzliche Kosten &amp; Notfallbudget<\/h2>\n\n\n\n<p>Reiseversicherung: ca. 600 \u2013 1.200 \u20ac<\/p>\n\n\n\n<p>Ausr\u00fcstung (Rucksack, Kleidung etc.): ca. 500 \u2013 1.000 \u20ac<\/p>\n\n\n\n<p>Visa &amp; Geb\u00fchren: ca. 300 \u2013 600 \u20ac<\/p>\n\n\n\n<p>Sonstige Kosten (SIM-Karten, Internet, Souvenirs etc.): ca. 500 \u2013 1.000 \u20ac<\/p>\n\n\n\n<p>Notfallbudget: ca. 1.500 \u2013 2.500 \u20ac<\/p>\n<\/div><\/div>\n\n\n\n<div class=\"wp-block-group alignfull has-global-padding is-layout-constrained wp-block-group-is-layout-constrained\" style=\"margin-top:0;margin-bottom:0\">\n<p><\/p>\n\n\n\n<p><\/p>\n\n\n\n<p class=\"is-style-text-annotation is-style-text-annotation--1\">Fazit: Ein Jahr Weltreise \u2013 was kostet es wirklich?<\/p>\n\n\n\n<p>\ud83d\udc49 Sparsame Backpacker: ca. 26.000 \u20ac<\/p>\n\n\n\n<p>\ud83d\udc49 Mittleres Budget (Komfort &amp; Aktivit\u00e4ten): ca. 32.000 \u20ac<\/p>\n\n\n\n<p>\ud83d\udc49 H\u00f6heres Budget (mehr Komfort, viele Ausfl\u00fcge): ca. 38.500 \u20ac<\/p>\n\n\n\n<p>Wie genau dein Budget aussieht, h\u00e4ngt von deinem Reisestil ab.<\/p>\n\n\n\n<p>Falls du unterwegs arbeitest oder l\u00e4nger an einem Ort bleibst, kannst du einiges sparen!<\/p>\n<\/div>\n\n\n\n<p><\/p>\n","protected":false},"excerpt":{"rendered":"<p>Hier ist eine grobe Budgetliste f\u00fcr eine einj\u00e4hrige Weltreise basierend auf meiner Route. Die Kosten variieren je nach Reisestil (Backpacker vs. Komfort), daher gebe ich eine Sch\u00e4tzung f\u00fcr ein mittleres Budget an. Gesamtbudget f\u00fcr eine einj\u00e4hrige Weltreise \u2708\ufe0f Fl\u00fcge &amp; Transport: ca. 6.500 \u2013 9.000 \u20ac \ud83c\udfe0 Unterkunft: ca. 9.000 \u2013 14.000 \u20ac \ud83c\udf7d\ufe0f Essen [&hellip;]<\/p>\n","protected":false},"author":1,"featured_media":103,"parent":0,"menu_order":0,"comment_status":"closed","ping_status":"closed","template":"","meta":{"footnotes":""},"class_list":["post-30","page","type-page","status-publish","has-post-thumbnail","hentry"],"_links":{"self":[{"href":"https:\/\/xintek.de\/index.php?rest_route=\/wp\/v2\/pages\/30","targetHints":{"allow":["GET"]}}],"collection":[{"href":"https:\/\/xintek.de\/index.php?rest_route=\/wp\/v2\/pages"}],"about":[{"href":"https:\/\/xintek.de\/index.php?rest_route=\/wp\/v2\/types\/page"}],"author":[{"embeddable":true,"href":"https:\/\/xintek.de\/index.php?rest_route=\/wp\/v2\/users\/1"}],"replies":[{"embeddable":true,"href":"https:\/\/xintek.de\/index.php?rest_route=%2Fwp%2Fv2%2Fcomments&post=30"}],"version-history":[{"count":16,"href":"https:\/\/xintek.de\/index.php?rest_route=\/wp\/v2\/pages\/30\/revisions"}],"predecessor-version":[{"id":699,"href":"https:\/\/xintek.de\/index.php?rest_route=\/wp\/v2\/pages\/30\/revisions\/699"}],"wp:featuredmedia":[{"embeddable":true,"href":"https:\/\/xintek.de\/index.php?rest_route=\/wp\/v2\/media\/103"}],"wp:attachment":[{"href":"https:\/\/xintek.de\/index.php?rest_route=%2Fwp%2Fv2%2Fmedia&parent=30"}],"curies":[{"name":"wp","href":"https:\/\/api.w.org\/{rel}","templated":true}]}}